{"id":1687,"date":"2023-11-27T13:35:58","date_gmt":"2023-11-27T12:35:58","guid":{"rendered":"https:\/\/ia4legos.umh.es\/?page_id=1687"},"modified":"2024-06-19T13:32:43","modified_gmt":"2024-06-19T11:32:43","slug":"preguntas-frecuentes","status":"publish","type":"page","link":"https:\/\/formacionmasculinidades.umh.es\/ca\/preguntas-frecuentes\/","title":{"rendered":"<span lang=\"es\">(Espa\u00f1ol) Preguntas Frecuentes<\/span>"},"content":{"rendered":"<p>[et_pb_section fb_built=&#8221;1&#8243; _builder_version=&#8221;4.17.4&#8243; _module_preset=&#8221;default&#8221; background_enable_color=&#8221;off&#8221; background_image=&#8221;https:\/\/formacionmasculinidades.umh.es\/files\/2024\/06\/banner-masculinidades-1.png&#8221; width=&#8221;100%&#8221; module_alignment=&#8221;center&#8221; height=&#8221;270px&#8221; height_tablet=&#8221;270px&#8221; height_phone=&#8221;270px&#8221; height_last_edited=&#8221;on|phone&#8221; collapsed=&#8221;off&#8221; global_colors_info=&#8221;{}&#8221;][\/et_pb_section][et_pb_section fb_built=&#8221;1&#8243; _builder_version=&#8221;4.17.4&#8243; _module_preset=&#8221;default&#8221; background_color=&#8221;#FFFFFF&#8221; background_enable_image=&#8221;off&#8221; background_blend=&#8221;overlay&#8221; min_height=&#8221;564px&#8221; custom_margin=&#8221;-17px|||||&#8221; custom_padding=&#8221;21px|||||&#8221; global_colors_info=&#8221;{}&#8221;][et_pb_row _builder_version=&#8221;4.17.4&#8243; _module_preset=&#8221;default&#8221; transform_scale_tablet=&#8221;&#8221; transform_scale_phone=&#8221;&#8221; transform_scale_last_edited=&#8221;on|phone&#8221; transform_translate=&#8221;0px|79px&#8221; transform_translate_tablet=&#8221;0px|79px&#8221; transform_translate_phone=&#8221;0px|0px&#8221; transform_translate_last_edited=&#8221;on|desktop&#8221; transform_translate_linked=&#8221;off&#8221; transform_rotate_tablet=&#8221;&#8221; transform_rotate_phone=&#8221;&#8221; transform_rotate_last_edited=&#8221;on|desktop&#8221; transform_skew_tablet=&#8221;&#8221; transform_skew_phone=&#8221;&#8221; transform_skew_last_edited=&#8221;on|desktop&#8221; transform_origin_tablet=&#8221;&#8221; transform_origin_phone=&#8221;&#8221; transform_origin_last_edited=&#8221;on|desktop&#8221; transform_styles_last_edited=&#8221;on|phone&#8221; min_height=&#8221;919.8px&#8221; transform_styles_tablet=&#8221;&#8221; transform_styles_phone=&#8221;&#8221; global_colors_info=&#8221;{}&#8221;][et_pb_column type=&#8221;4_4&#8243; _builder_version=&#8221;4.17.4&#8243; _module_preset=&#8221;default&#8221; global_colors_info=&#8221;{}&#8221;][et_pb_text _builder_version=&#8221;4.17.4&#8243; _module_preset=&#8221;default&#8221; text_font=&#8221;Heebo|500|||||||&#8221; header_font=&#8221;Overpass||||||||&#8221; header_2_font=&#8221;Heebo|600|||||||&#8221; text_orientation=&#8221;right&#8221; width=&#8221;100%&#8221; max_width_tablet=&#8221;95%&#8221; max_width_phone=&#8221;95%&#8221; max_width_last_edited=&#8221;on|tablet&#8221; module_alignment=&#8221;right&#8221; custom_margin=&#8221;0px||||false|false&#8221; custom_padding=&#8221;||0px|||&#8221; inline_fonts=&#8221;Heebo&#8221; global_colors_info=&#8221;{}&#8221;]<\/p>\n<h1 style=\"text-align: left\">Preguntas Frecuentes<\/h1>\n<p>[\/et_pb_text][et_pb_text _builder_version=&#8221;4.17.4&#8243; _module_preset=&#8221;default&#8221; global_colors_info=&#8221;{}&#8221;]<\/p>\n<h2 style=\"text-align: justify\"><strong>1.- Sobre el proceso de admisi\u00f3n<\/strong><\/h2>\n<p style=\"text-align: justify\"><strong>\u00bfQu\u00e9 requisitos son necesarios para realizar este curso de formaci\u00f3n permanente?<\/strong><\/p>\n<p style=\"text-align: justify\">El \u00fanico requisito formal para la admisi\u00f3n es, haber cumplido los 18 a\u00f1os. La admisi\u00f3n se realizar\u00e1, siguiendo el estricto orden cronol\u00f3gico de matriculaci\u00f3n.<\/p>\n<p style=\"text-align: justify\">Esta formaci\u00f3n la pueden cursar tanto mujeres como hombres, aunque va dirigida principalmente a hombres de todas las edades y todas las profesiones, sin importar su nivel de formaci\u00f3n.<\/p>\n<p style=\"text-align: justify\">Esta formaci\u00f3n va dirigida al p\u00fablico en general.<\/p>\n<ul style=\"text-align: justify\">\n<li><strong>\u00bfQu\u00e9 hago una vez que me he inscrito? \u00bfQu\u00e9 documentaci\u00f3n necesito?<\/strong><\/li>\n<\/ul>\n<p style=\"text-align: justify\"><strong>\u00a0<\/strong><strong>PASO 1:<\/strong><\/p>\n<p style=\"text-align: justify\">Para matricularte en los cursos de formaci\u00f3n permanente que ofertamos desde el Observatorio de las Masculinidades UMH<b> <\/b>primero, debes <a href=\"http:\/\/universite.umh.es\/fpogestion\/aspx\/Preinscripcion\/Preinscripcion.aspx\">acceder aqu\u00ed y rellenar la solicitud<\/a> (cuando se abra el plazo de matr\u00edcula). (<u>Tipo de ense\u00f1anza<\/u>: \u00abCERTIFICADO DE FORMACI\u00d3N PERMANENTE\u00bb; <u>Ense\u00f1anza<\/u>: \u00ab<a href=\"https:\/\/formacionmasculinidades.umh.es\/oferta-formativa\/hombres-corresponsabilidad\/ediciones-corresponsabilidad\/\">II EDICI\u00d3N HOMBRES Y CORRESPONSABILIDAD<\/a>\u00bb o \u00ab<a href=\"https:\/\/formacionmasculinidades.umh.es\/oferta-formativa\/hombres-violencia-genero\/ediciones-hombres-violencias\/\">I EDICION HOMBRES IGUALITARIOS PREVENIR LAS VIOLENCIAS DE G\u00c9NERO<\/a>\u00bb.<\/p>\n<p style=\"text-align: justify\"><strong>PASO 2:<\/strong><\/p>\n<p style=\"text-align: justify\">Una vez realizada la matr\u00edcula, se debe enviar escaneado el DNI o PASAPORTE a <a href=\"mailto:corresponsabilidad@umh.es\">corresponsabilidad@umh.es<\/a> o <a href=\"mailto:violenciagenero@umh.es\">violenciagenero@umh.es<\/a>, dependiendo del curso en el que te hayas matriculado.<\/p>\n<ul style=\"text-align: justify\">\n<li><strong>\u00bfPuedo cursar esta formaci<\/strong><strong>\u00f3n si vivo en un pa\u00eds diferente a Espa\u00f1a?<\/strong><\/li>\n<\/ul>\n<p style=\"text-align: justify\">S\u00ed, sus contenidos y metodolog\u00eda son totalmente online, por lo que toda persona interesada de cualquier pa\u00eds, puede acceder sin problema.<\/p>\n<ul style=\"text-align: justify\">\n<li><strong>\u00bfCu\u00e1l es la validez del t\u00edtulo a nivel internacional?<\/strong><\/li>\n<\/ul>\n<p style=\"text-align: justify\"><strong>\u00a0<\/strong>El t\u00edtulo tiene car\u00e1cter oficial y es expedido por la Universidad Miguel Hern\u00e1ndez de Elche. Por ello, atiende a las caracter\u00edsticas de una titulaci\u00f3n de curso de formaci\u00f3n permanente, <a href=\"https:\/\/boumh.umh.es\/files\/2023\/07\/bil-RCOGO-174-23-Not-acu.-Normativa-de-Ensenanzas-de-Formacion-Permanente-Vr.-Estudios-copia-autentica.pdf\">legislaci\u00f3n vigente<\/a><\/p>\n<p style=\"text-align: justify\">\n<h2 style=\"text-align: justify\"><strong>2.- Sobre las fechas importantes<\/strong><\/h2>\n<p style=\"text-align: justify\">Actualmente, para las dos ediciones que ofertamos estas son las fechas importantes:<\/p>\n<p style=\"text-align: justify\"><strong>Matriculaci\u00f3n: <\/strong>02\/09\/24 a 16\/09\/24<br \/><strong>Duraci\u00f3n: <\/strong>23\/09\/2024 a 18\/11\/2024<\/p>\n<p style=\"text-align: justify\">\n<h2 style=\"text-align: justify\"><strong>3.- Sobre el precio<\/strong><\/h2>\n<p style=\"text-align: justify\"><strong>\u00bfQu\u00e9 me cuesta el t\u00edtulo? <\/strong><\/p>\n<p style=\"text-align: justify\">El importe de la matr\u00edcula incluye tanto la formaci\u00f3n, la expedici\u00f3n del t\u00edtulo y el acceso al aula virtual, el uso de las herramientas de estudio y comunicaci\u00f3n, y los materiales interactivos. No existe ning\u00fan coste de inscripci\u00f3n adicional en concepto de apertura ni por gesti\u00f3n de matr\u00edcula.<\/p>\n<p style=\"text-align: justify\"><strong>\u00a0<\/strong><strong>Precio de matr\u00edcula: <\/strong>150 euros<\/p>\n<p style=\"text-align: justify\"><strong>\u00bfC\u00f3mo realizo el pago?<\/strong><\/p>\n<p style=\"text-align: justify\"><strong>\u00a0<\/strong>Para poder realizar el pago debes haberte matriculado previamente en la actividad formativa y posteriormente, desde la secretar\u00eda del curso, recibir\u00e1s por correo electr\u00f3nico confirmaci\u00f3n de tu matr\u00edcula y el recibo para su pago. El pago se podr\u00e1 realizar preferiblemente por <a href=\"https:\/\/universite.umh.es\/pagovirtual\/\">TPVvirtua<\/a><\/p>\n<p style=\"text-align: justify\"><a href=\"https:\/\/universite.umh.es\/pagovirtual\/\">l<\/a><\/p>\n<h2 style=\"text-align: justify\"><strong>4.- Sobre la forma de acceso al curso una vez iniciado<\/strong><\/h2>\n<p style=\"text-align: justify\"><strong>\u00bfPuedo cursar esta formaci\u00f3n desde cualquier dispositivo?<\/strong><\/p>\n<p style=\"text-align: justify\"><strong>\u00a0<\/strong>S\u00ed, cualquier persona con un dispositivo m\u00f3vil u ordenador con acceso a internet podr\u00e1 acceder a los contenidos del curso sin problema.<\/p>\n<p style=\"text-align: justify\">\n<h2 style=\"text-align: justify\"><strong>5.- Sobre la metodolog\u00eda que se va a utilizar<\/strong><\/h2>\n<p style=\"text-align: justify\">Los cursos de formaci\u00f3n permanente del Observatorio de las Masculinidades se impartir\u00e1n a trav\u00e9s de la PLATAFORMA EDUCATIVA DEL CAMPUS DE LA UNIVERSIDAD MIGUEL HERN\u00c1NDEZ DE ELCHE (Moodle), por medio de clases grabadas por el profesorado y con PowerPoints y materiales accesibles en abierto a trav\u00e9s de internet.<\/p>\n<p style=\"text-align: justify\">Esta formaci\u00f3n se estructura en 8 temas. Los temas del 1 al 7 se dividen cada uno en 15 clases cortas de 7 minutos cada una, que se complementan con las lecturas y\/o visionados de audiovisuales, materiales ofrecidos por el profesorado. El tema 8 consta de 20 clases cortas de 7 minutos cada una, que se complementan con las lecturas y\/o visionados de audiovisuales, materiales aportados por el profesorado.<\/p>\n<p style=\"text-align: justify\">Estos recursos que ofreceremos no son obligatorios para poder aprobar esta formaci\u00f3n, pues es material complementario de formaci\u00f3n para el alumnado que desee profundizar en los temas de las diversas clases. Para aprobar este curso, insistimos, bastar\u00e1 con el visionado de las clases que imparte el profesorado y el PowerPoint que presenta en su clase cada docente.<\/p>\n<p style=\"text-align: justify\">Aunque los 8 temas estar\u00e1n abiertos desde el primer d\u00eda a disposici\u00f3n del alumnado, recomendamos cursarlos de forma ordenada y secuencial, para un mejor aprendizaje de los contenidos.<\/p>\n<p style=\"text-align: justify\">\n<h2 style=\"text-align: justify\"><strong>6.- Sobre la evaluaci\u00f3n<\/strong><\/h2>\n<p style=\"text-align: justify\"><strong>\u00bfC\u00f3mo se me evaluar\u00e1?<\/strong><\/p>\n<p style=\"text-align: justify\"><strong>\u00a0<\/strong>El sistema de evaluaci\u00f3n se realizar\u00e1 100% online, a trav\u00e9s del campus virtual de la UMH. Despu\u00e9s de cada uno de los 8 temas el alumnado deber\u00e1 responder un examen tipo test de 10 preguntas con cuatro opciones posibles de respuesta, de las cuales s\u00f3lo una ser\u00e1 correcta. El alumnado podr\u00e1 hacer el examen tipo test de cada tema hasta en tres ocasiones, y se le computar\u00e1 la nota m\u00e1s alta obtenida de los tres intentos.<\/p>\n<p style=\"text-align: justify\">Para aprobar esta formaci\u00f3n el alumnado ha de aprobar el 50% del curso. Se har\u00e1 la media de la nota m\u00e1s alta obtenida en los ex\u00e1menes de los 8 temas y se aprobar\u00e1 con un 5 m\u00ednimo.<\/p>\n<p style=\"text-align: justify\">El estudiantado dispondr\u00e1 de una convocatoria \u00fanica para superar el curso. Las preguntas de evaluaci\u00f3n de cada clase se podr\u00e1n contestar con el visionado de cada clase grabada por el profesorado y su respectivo power point, no haciendo falta para aprobar, la lectura o visionado complementario de otros materiales, que ser\u00e1n optativos.<\/p>\n<p style=\"text-align: justify\">\n<h2 style=\"text-align: justify\"><strong>7.- \u00bfSi soy una administraci\u00f3n p\u00fablica, una empresa o una asociaci\u00f3n que quiere contratar un curso?<\/strong><\/h2>\n<p style=\"text-align: justify\">Estos cursos tambi\u00e9n est\u00e1s pensados como una formaci\u00f3n &#8220;a demanda&#8221;. Si desde una entidad est\u00e1n interesados en contratar una formaci\u00f3n se tienen que poner en contacto a trav\u00e9s del email de cada curso (Hombres y Corresponsabilidad: <a href=\"mailto:corresponsabilidad@umh.es\">corresponsabilidad@umh.es<\/a>; Hombres Igualitarios. Prevenir las violencias de g\u00e9nero: <a href=\"mailto:violenciagenero@umh.es\">violenciagenero@umh.es<\/a>) para que se le haga llegar toda la informaci\u00f3n.\u00a0<\/p>\n<p style=\"text-align: justify\">\n<p style=\"text-align: justify\">\n<p style=\"text-align: justify\">\n<p style=\"text-align: justify\">\n<p style=\"text-align: justify\">\n<p style=\"text-align: justify\">\n<p style=\"text-align: justify\">\n<p style=\"text-align: justify\">\n<p style=\"text-align: justify\">\n<p style=\"text-align: justify\">\n<h1 style=\"text-align: justify\"><strong>Preguntas Frecuentes (FAQ-s)<\/strong><\/h1>\n<h1 style=\"text-align: justify\"><strong>\u00a0<\/strong><\/h1>\n<h1 style=\"text-align: justify\"><strong>CURSO DE FORMACI\u00d3N PERMANENTE: \u201cHOMBRES IGUALITARIOS: PREVENIR LAS VIOLENCIAS DE G\u00c9NERO\u201d<\/strong><\/h1>\n<p style=\"text-align: justify\">\n<p style=\"text-align: justify\"><a href=\"https:\/\/formacionmasculinidades.umh.es\/oferta-formativa\/hombres-violencia-genero\/ediciones-hombres-violencias\/\"><strong>https:\/\/formacionmasculinidades.umh.es\/oferta-formativa\/hombres-violencia-genero\/ediciones-hombres-violencias\/<\/strong><\/a><\/p>\n<p style=\"text-align: justify\"><strong>\u00a0<\/strong><\/p>\n<p style=\"text-align: justify\">\n<h2 style=\"text-align: justify\"><strong>1.- Sobre el proceso de admisi\u00f3n<\/strong><\/h2>\n<p style=\"text-align: justify\"><strong>\u00bfQu\u00e9 requisitos son necesarios para realizar este curso de formaci\u00f3n permanente?<\/strong><\/p>\n<p style=\"text-align: justify\">\n<p style=\"text-align: justify\">El \u00fanico requisito formal para la admisi\u00f3n es, haber cumplido los 18 a\u00f1os.<\/p>\n<p style=\"text-align: justify\">La admisi\u00f3n se realizar\u00e1, siguiendo el estricto orden cronol\u00f3gico de matriculaci\u00f3n.<\/p>\n<p style=\"text-align: justify\">Esta formaci\u00f3n la pueden cursar tanto mujeres como hombres, aunque va dirigida principalmente a hombres de todas las edades y todas las profesiones, sin importar su nivel de formaci\u00f3n.<\/p>\n<p style=\"text-align: justify\">Esta formaci\u00f3n va dirigida al p\u00fablico en general.<\/p>\n<p style=\"text-align: justify\">\n<ul style=\"text-align: justify\">\n<li><strong>\u00bfQu\u00e9 hago una vez que me he inscrito? \u00bfQu\u00e9 documentaci\u00f3n necesito?<\/strong><\/li>\n<\/ul>\n<p style=\"text-align: justify\"><strong>\u00a0<\/strong><\/p>\n<p style=\"text-align: justify\"><strong>PASO 1:<\/strong><\/p>\n<p style=\"text-align: justify\">Para matricularte en el <strong>curso de formaci\u00f3n permanente \u201cHOMBRES IGUALITARIOS: PREVENIR LAS VIOLENCIAS DE G\u00c9NERO\u201d<\/strong> primero, debes <a href=\"http:\/\/universite.umh.es\/fpogestion\/aspx\/Preinscripcion\/Preinscripcion.aspx\">acceder aqu\u00ed y rellenar la solicitud<\/a> (cuando se abra el periodo de matr\u00edcula) (<u>Tipo de ense\u00f1anza<\/u>: \u00abCERTIFICADO DE FORMACI\u00d3N PERMANENTE\u00bb; <u>Ense\u00f1anza<\/u>: \u00ab<strong>HOMBRES IGUALITARIOS: PREVENIR LAS VIOLENCIAS DE G\u00c9NERO<\/strong>\u00bb.<\/p>\n<p style=\"text-align: justify\">\n<p style=\"text-align: justify\"><strong>PASO 2:<\/strong><\/p>\n<p style=\"text-align: justify\">Una vez realizada la matr\u00edcula, se debe enviar escaneado el DNI o PASAPORTE a<\/p>\n<p style=\"text-align: justify\"><a href=\"mailto:violenciagenero@umh.es\">violenciagenero@umh.es<\/a><\/p>\n<p style=\"text-align: justify\"><u>\u00a0<\/u><\/p>\n<ul style=\"text-align: justify\">\n<li><strong>\u00bfPuedo cursar esta formaci\u00f3n si vivo en un pa\u00eds diferente a Espa\u00f1a?<\/strong><\/li>\n<\/ul>\n<p style=\"text-align: justify\">\n<p style=\"text-align: justify\">S\u00ed, sus contenidos y metodolog\u00eda son totalmente online, por lo que toda persona interesada de cualquier pa\u00eds, puede acceder sin problema.<\/p>\n<p style=\"text-align: justify\">\n<ul style=\"text-align: justify\">\n<li><strong>\u00bfCu\u00e1l es la validez del t\u00edtulo a nivel internacional?<\/strong><\/li>\n<\/ul>\n<p style=\"text-align: justify\"><strong>\u00a0<\/strong><\/p>\n<p style=\"text-align: justify\">El t\u00edtulo tiene car\u00e1cter oficial y es expedido por la Universidad Miguel Hern\u00e1ndez de Elche. Por ello, atiende a las caracter\u00edsticas de una titulaci\u00f3n de curso de formaci\u00f3n permanente, <a href=\"https:\/\/boumh.umh.es\/files\/2023\/07\/bil-RCOGO-174-23-Not-acu.-Normativa-de-Ensenanzas-de-Formacion-Permanente-Vr.-Estudios-copia-autentica.pdf\">legislaci\u00f3n vigente<\/a><\/p>\n<p style=\"text-align: justify\">\n<h2 style=\"text-align: justify\"><strong>2.- Sobre las fechas importantes<\/strong><\/h2>\n<p style=\"text-align: justify\"><strong>Matriculaci\u00f3n: <\/strong>02\/09\/24 a 16\/09\/24<\/p>\n<p style=\"text-align: justify\"><strong>Duraci\u00f3n: <\/strong>23\/09\/2024 a 18\/11\/2024<\/p>\n<p style=\"text-align: justify\">\n<h2 style=\"text-align: justify\"><strong>3.- Sobre el precio<\/strong><\/h2>\n<p style=\"text-align: justify\"><strong>\u00bfQu\u00e9 me cuesta el curso? <\/strong><\/p>\n<p style=\"text-align: justify\">El importe de la matr\u00edcula incluye tanto la formaci\u00f3n, la expedici\u00f3n del t\u00edtulo y el acceso al aula virtual, el uso de las herramientas de estudio y comunicaci\u00f3n, y los materiales interactivos. No existe ning\u00fan coste de inscripci\u00f3n adicional en concepto de apertura ni por gesti\u00f3n de matr\u00edcula.<\/p>\n<p style=\"text-align: justify\"><strong>\u00a0<\/strong><\/p>\n<p style=\"text-align: justify\"><strong>Precio de matr\u00edcula: <\/strong>150 euros<\/p>\n<p style=\"text-align: justify\">\n<p style=\"text-align: justify\"><strong>\u00bfC\u00f3mo realizo el pago?<\/strong><\/p>\n<p style=\"text-align: justify\"><strong>\u00a0<\/strong><\/p>\n<p style=\"text-align: justify\">Para poder realizar el pago debes haberte matriculado previamente en la actividad formativa y posteriormente, desde la secretar\u00eda del curso, recibir\u00e1s por correo electr\u00f3nico confirmaci\u00f3n de tu matr\u00edcula y el recibo para su pago. El pago se podr\u00e1 realizar preferiblemente por <a href=\"https:\/\/universite.umh.es\/pagovirtual\/\">TPVvirtual<\/a><\/p>\n<p style=\"text-align: justify\">\n<h2 style=\"text-align: justify\"><strong>4.- Sobre la forma de acceso al curso una vez iniciado<\/strong><\/h2>\n<p style=\"text-align: justify\"><strong>\u00bfPuedo cursar el curso desde cualquier dispositivo?<\/strong><\/p>\n<p style=\"text-align: justify\"><strong>\u00a0<\/strong><\/p>\n<p style=\"text-align: justify\">S\u00ed, cualquier persona con un dispositivo m\u00f3vil u ordenador con acceso a internet podr\u00e1 acceder a los contenidos del curso sin problema.<\/p>\n<p style=\"text-align: justify\">\n<h2 style=\"text-align: justify\"><strong>5.- Sobre la metodolog\u00eda que se va a utilizar<\/strong><\/h2>\n<p style=\"text-align: justify\">Este curso de formaci\u00f3n permanente \u201cHOMBRES IGUALITARIOS: PREVENIR LAS VIOLENCIAS DE G\u00c9NERO\u201d se impartir\u00e1 a trav\u00e9s de la PLATAFORMA EDUCATIVA DEL CAMPUS DE LA UNIVERSIDAD MIGUEL HERN\u00c1NDEZ DE ELCHE (Moodle), por medio de clases grabadas por el profesorado y con PowerPoints y materiales accesibles en abierto a trav\u00e9s de internet.<\/p>\n<p style=\"text-align: justify\">Esta formaci\u00f3n se estructura en 8 temas. Los temas del 1 al 7 se dividen cada uno en 15 clases cortas de 7 minutos cada una, que se complementan con las lecturas y\/o visionados de audiovisuales, materiales ofrecidos por el profesorado. El tema 8 consta de 20 clases cortas de 7 minutos cada una, que se complementan con las lecturas y\/o visionados de audiovisuales, materiales aportados por el profesorado.<\/p>\n<p style=\"text-align: justify\">Estos recursos que ofreceremos no son obligatorios para poder aprobar esta formaci\u00f3n, pues es material complementario de formaci\u00f3n para el alumnado que desee profundizar en los temas de las diversas clases. Para aprobar este curso, insistimos, bastar\u00e1 con el visionado de las clases que imparte el profesorado y el PowerPoint que presenta en su clase cada docente.<\/p>\n<p style=\"text-align: justify\">Aunque los 8 temas estar\u00e1n abiertos desde el primer d\u00eda a disposici\u00f3n del alumnado, recomendamos cursarlos de forma ordenada y secuencial, para un mejor aprendizaje de los contenidos.<\/p>\n<h2 style=\"text-align: justify\"><strong>6.- Sobre la evaluaci\u00f3n<\/strong><\/h2>\n<p style=\"text-align: justify\"><strong>\u00bfC\u00f3mo se me evaluar\u00e1?<\/strong><\/p>\n<p style=\"text-align: justify\"><strong>\u00a0<\/strong><\/p>\n<p style=\"text-align: justify\">El sistema de evaluaci\u00f3n se realizar\u00e1 100% online, a trav\u00e9s del campus virtual de la UMH. Despu\u00e9s de cada uno de los 8 temas el alumnado deber\u00e1 responder un examen tipo test de 10 preguntas con cuatro opciones posibles de respuesta, de las cuales s\u00f3lo una ser\u00e1 correcta. El alumnado podr\u00e1 hacer el examen tipo test de cada tema hasta en tres ocasiones, y se le computar\u00e1 la nota m\u00e1s alta obtenida de los tres intentos.<\/p>\n<p style=\"text-align: justify\">\n<p style=\"text-align: justify\">Para aprobar esta formaci\u00f3n el alumnado ha de aprobar el 50% del curso. Se har\u00e1 la media de la nota m\u00e1s alta obtenida en los ex\u00e1menes de los 8 temas y se aprobar\u00e1 con un 5 m\u00ednimo.<\/p>\n<p style=\"text-align: justify\">\n<p style=\"text-align: justify\">El estudiantado dispondr\u00e1 de una convocatoria \u00fanica para superar el curso. Las preguntas de evaluaci\u00f3n de cada clase se podr\u00e1n contestar con el visionado de cada clase grabada por el profesorado y su respectivo PowerPoint, no haciendo falta para aprobar, la lectura o visionado complementario de otros materiales, que ser\u00e1n optativos.<\/p>\n<p style=\"text-align: justify\">\n<p style=\"text-align: justify\">\n<p>[\/et_pb_text][\/et_pb_column][\/et_pb_row][\/et_pb_section]<\/p>\n","protected":false},"excerpt":{"rendered":"<p>Preguntas Frecuentes1.- Sobre el proceso de admisi\u00f3n \u00bfQu\u00e9 requisitos son necesarios para realizar este curso de formaci\u00f3n permanente? El \u00fanico requisito formal para la admisi\u00f3n es, haber cumplido los 18 a\u00f1os. La admisi\u00f3n se realizar\u00e1, siguiendo el estricto orden cronol\u00f3gico de matriculaci\u00f3n. Esta formaci\u00f3n la pueden cursar tanto mujeres como hombres, aunque va dirigida principalmente [&hellip;]<\/p>\n","protected":false},"author":3782,"featured_media":0,"parent":0,"menu_order":0,"comment_status":"closed","ping_status":"closed","template":"","meta":{"_et_pb_use_builder":"on","_et_pb_old_content":"","_et_gb_content_width":"","_links_to":"","_links_to_target":""},"_links":{"self":[{"href":"https:\/\/formacionmasculinidades.umh.es\/ca\/wp-json\/wp\/v2\/pages\/1687"}],"collection":[{"href":"https:\/\/formacionmasculinidades.umh.es\/ca\/wp-json\/wp\/v2\/pages"}],"about":[{"href":"https:\/\/formacionmasculinidades.umh.es\/ca\/wp-json\/wp\/v2\/types\/page"}],"author":[{"embeddable":true,"href":"https:\/\/formacionmasculinidades.umh.es\/ca\/wp-json\/wp\/v2\/users\/3782"}],"replies":[{"embeddable":true,"href":"https:\/\/formacionmasculinidades.umh.es\/ca\/wp-json\/wp\/v2\/comments?post=1687"}],"version-history":[{"count":0,"href":"https:\/\/formacionmasculinidades.umh.es\/ca\/wp-json\/wp\/v2\/pages\/1687\/revisions"}],"wp:attachment":[{"href":"https:\/\/formacionmasculinidades.umh.es\/ca\/wp-json\/wp\/v2\/media?parent=1687"}],"curies":[{"name":"wp","href":"https:\/\/api.w.org\/{rel}","templated":true}]}}