{"id":2158,"date":"2023-05-02T09:29:04","date_gmt":"2023-05-02T07:29:04","guid":{"rendered":"https:\/\/unidigitalsimustat.zeus.umh.es\/?page_id=19"},"modified":"2026-02-25T14:10:10","modified_gmt":"2026-02-25T13:10:10","slug":"inicio","status":"publish","type":"page","link":"https:\/\/formacionmasculinidades.umh.es\/ca\/","title":{"rendered":"Inicio"},"content":{"rendered":"<p>[et_pb_section fb_built=&#8221;1&#8243; _builder_version=&#8221;4.17.4&#8243; _module_preset=&#8221;default&#8221; background_enable_color=&#8221;off&#8221; background_image=&#8221;https:\/\/formacionmasculinidades.umh.es\/files\/2024\/06\/banner-masculinidades-1.png&#8221; width=&#8221;100%&#8221; module_alignment=&#8221;center&#8221; height=&#8221;270px&#8221; height_tablet=&#8221;270px&#8221; height_phone=&#8221;270px&#8221; height_last_edited=&#8221;on|phone&#8221; collapsed=&#8221;off&#8221; global_colors_info=&#8221;{}&#8221;][\/et_pb_section][et_pb_section fb_built=&#8221;1&#8243; _builder_version=&#8221;4.17.4&#8243; _module_preset=&#8221;default&#8221; global_colors_info=&#8221;{}&#8221;][et_pb_row _builder_version=&#8221;4.17.4&#8243; _module_preset=&#8221;default&#8221; box_shadow_style=&#8221;preset2&#8243; global_colors_info=&#8221;{}&#8221;][et_pb_column type=&#8221;4_4&#8243; _builder_version=&#8221;4.17.4&#8243; _module_preset=&#8221;default&#8221; global_colors_info=&#8221;{}&#8221;][et_pb_text admin_label=&#8221;Entradilla&#8221; _builder_version=&#8221;4.17.4&#8243; _module_preset=&#8221;default&#8221; text_font=&#8221;Heebo|500|||||||&#8221; header_font=&#8221;Overpass||||||||&#8221; header_2_font=&#8221;Heebo|600|||||||&#8221; text_orientation=&#8221;right&#8221; width=&#8221;100%&#8221; max_width_tablet=&#8221;95%&#8221; max_width_phone=&#8221;95%&#8221; max_width_last_edited=&#8221;on|tablet&#8221; module_alignment=&#8221;right&#8221; custom_margin=&#8221;0px||||false|false&#8221; custom_padding=&#8221;||0px|||&#8221; inline_fonts=&#8221;Heebo&#8221; global_colors_info=&#8221;{}&#8221;]<\/p>\n<h1 style=\"text-align: center\">Formaciones del Observatorio de las Masculinidades<\/h1>\n<p>[\/et_pb_text][\/et_pb_column][\/et_pb_row][\/et_pb_section][et_pb_section fb_built=&#8221;1&#8243; _builder_version=&#8221;4.17.4&#8243; _module_preset=&#8221;default&#8221; background_color=&#8221;#FFFFFF&#8221; background_enable_image=&#8221;off&#8221; background_blend=&#8221;overlay&#8221; min_height=&#8221;564px&#8221; custom_margin=&#8221;-17px|||||&#8221; custom_padding=&#8221;21px|||||&#8221; global_colors_info=&#8221;{}&#8221;][et_pb_row column_structure=&#8221;1_3,1_3,1_3&#8243; _builder_version=&#8221;4.17.4&#8243; _module_preset=&#8221;default&#8221; global_colors_info=&#8221;{}&#8221;][et_pb_column type=&#8221;1_3&#8243; _builder_version=&#8221;4.17.4&#8243; _module_preset=&#8221;default&#8221; global_colors_info=&#8221;{}&#8221;][et_pb_blurb title=&#8221;Microlearning&#8221; use_icon=&#8221;on&#8221; font_icon=&#8221;&#xf017;||fa||400&#8243; icon_color=&#8221;#0C71C3&#8243; admin_label=&#8221;microlearning&#8221; _builder_version=&#8221;4.17.4&#8243; _module_preset=&#8221;default&#8221; header_font=&#8221;|700|||||||&#8221; header_text_align=&#8221;center&#8221; global_colors_info=&#8221;{}&#8221;]<\/p>\n<p style=\"text-align: center\">Compagina el aprendizaje con tu d\u00eda a d\u00eda con clases de 7 minutos.<br \/>T\u00fa te marcas los ritmos<\/p>\n<p>[\/et_pb_blurb][\/et_pb_column][et_pb_column type=&#8221;1_3&#8243; _builder_version=&#8221;4.17.4&#8243; _module_preset=&#8221;default&#8221; global_colors_info=&#8221;{}&#8221;][et_pb_blurb title=&#8221;Contenido accesible&#8221; use_icon=&#8221;on&#8221; font_icon=&#8221;&#xf3cd;||fa||900&#8243; icon_color=&#8221;#7CDA24&#8243; admin_label=&#8221;accesible&#8221; _builder_version=&#8221;4.17.4&#8243; _module_preset=&#8221;default&#8221; header_font=&#8221;|700|||||||&#8221; header_text_align=&#8221;center&#8221; global_colors_info=&#8221;{}&#8221;]<\/p>\n<p style=\"text-align: center\">Aprende donde y cuando quieras.<br \/>Desde el m\u00f3vil, la tablet o el ordenador<\/p>\n<p>[\/et_pb_blurb][\/et_pb_column][et_pb_column type=&#8221;1_3&#8243; _builder_version=&#8221;4.17.4&#8243; _module_preset=&#8221;default&#8221; global_colors_info=&#8221;{}&#8221;][et_pb_blurb title=&#8221;Formaci\u00f3n certificada&#8221; use_icon=&#8221;on&#8221; font_icon=&#8221;&#xf19d;||fa||900&#8243; icon_color=&#8221;#E06100&#8243; admin_label=&#8221;certificado&#8221; _builder_version=&#8221;4.17.4&#8243; _module_preset=&#8221;default&#8221; header_font=&#8221;|700|||||||&#8221; header_text_align=&#8221;center&#8221; global_colors_info=&#8221;{}&#8221;]<\/p>\n<p style=\"text-align: center\">Una vez superado el curso recibe un certificado de formaci\u00f3n permanente de la UMH de 1,5 ECTS (equivalente a 37,5 horas)<\/p>\n<p>[\/et_pb_blurb][\/et_pb_column][\/et_pb_row][et_pb_row _builder_version=&#8221;4.17.4&#8243; _module_preset=&#8221;default&#8221; global_colors_info=&#8221;{}&#8221;][et_pb_column type=&#8221;4_4&#8243; _builder_version=&#8221;4.17.4&#8243; _module_preset=&#8221;default&#8221; global_colors_info=&#8221;{}&#8221;][et_pb_divider _builder_version=&#8221;4.17.4&#8243; _module_preset=&#8221;default&#8221; global_colors_info=&#8221;{}&#8221;][\/et_pb_divider][et_pb_text _builder_version=&#8221;4.17.4&#8243; _module_preset=&#8221;default&#8221; global_colors_info=&#8221;{}&#8221;]<\/p>\n<p style=\"text-align: justify\">En este espacio encontrar\u00e1s nuestra oferta formativa de Ense\u00f1anzas de Formaci\u00f3n Permanente de la Universidad Miguel Hern\u00e1ndez de Elche.<\/p>\n<p style=\"text-align: justify\">El <a href=\"https:\/\/observatoriomasculinidad.umh.es\/\" target=\"_blank\" rel=\"noopener\">Observatorio de las Masculinidades UMH<\/a> considera que la formaci\u00f3n continuada y accesible a toda la sociedad es un elemento fundamental para la estructuraci\u00f3n del cambio social y la consecuci\u00f3n de la igualdad real y efectiva entre mujeres y hombres.<\/p>\n<p style=\"text-align: justify\">Existen dos posibilidades de formarse a trav\u00e9s de estos cursos. Por un lado, inscribirse en aquellas ediciones que se ofertar\u00e1n con unas fechas establecidas, en un formato abierto al alumnado en general; y, por otro lado, formaciones a demanda de una instituci\u00f3n (universidades, ayuntamientos, diputaciones provinciales, ministerios, etc.), empresa o asociaci\u00f3n. En este caso, la entidad interesada deber\u00e1 ponerse en contacto con <a href=\"mailto:corresponsabilidad@umh.es\">corresponsabilidad@umh.es<\/a> y <a href=\"mailto:violenciagenero@umh.es\">violenciagenero@umh.es<\/a><\/p>\n<p style=\"text-align: justify\">Te animamos a conocer los cursos que ofertamos en la actualidad, as\u00ed como a suscribirte al <a href=\"https:\/\/observatoriomasculinidad.umh.es\/contacto\/\" target=\"_blank\" rel=\"noopener\">bolet\u00edn del Observatorio de las Masculinidades <\/a>para que est\u00e9s al tanto de todas las novedades<\/p>\n<p>[\/et_pb_text][et_pb_divider _builder_version=&#8221;4.17.4&#8243; _module_preset=&#8221;default&#8221; global_colors_info=&#8221;{}&#8221;][\/et_pb_divider][\/et_pb_column][\/et_pb_row][et_pb_row column_structure=&#8221;1_2,1_2&#8243; _builder_version=&#8221;4.17.4&#8243; _module_preset=&#8221;default&#8221; global_colors_info=&#8221;{}&#8221;][et_pb_column type=&#8221;1_2&#8243; _builder_version=&#8221;4.17.4&#8243; _module_preset=&#8221;default&#8221; global_colors_info=&#8221;{}&#8221;][et_pb_image src=&#8221;https:\/\/formacionmasculinidades.umh.es\/files\/2024\/06\/corresponsabilidad.png&#8221; title_text=&#8221;corresponsabilidad&#8221; url=&#8221;https:\/\/www.umh.es\/contenido\/Estudios\/:tit_fpo_15223\/datos_es.html&#8221; url_new_window=&#8221;on&#8221; admin_label=&#8221;corresponsabilidad&#8221; _builder_version=&#8221;4.17.4&#8243; _module_preset=&#8221;default&#8221; hover_enabled=&#8221;0&#8243; global_colors_info=&#8221;{}&#8221; sticky_enabled=&#8221;0&#8243;][\/et_pb_image][\/et_pb_column][et_pb_column type=&#8221;1_2&#8243; _builder_version=&#8221;4.17.4&#8243; _module_preset=&#8221;default&#8221; global_colors_info=&#8221;{}&#8221;][et_pb_image src=&#8221;https:\/\/formacionmasculinidades.umh.es\/files\/2024\/06\/hombres-violencias.png&#8221; title_text=&#8221;hombres violencias&#8221; url=&#8221;https:\/\/www.umh.es\/contenido\/Estudios\/:tit_fpo_15228\/datos_es.html&#8221; url_new_window=&#8221;on&#8221; admin_label=&#8221;violencias&#8221; _builder_version=&#8221;4.17.4&#8243; _module_preset=&#8221;default&#8221; hover_enabled=&#8221;0&#8243; global_colors_info=&#8221;{}&#8221; sticky_enabled=&#8221;0&#8243;][\/et_pb_image][\/et_pb_column][\/et_pb_row][\/et_pb_section]<\/p>\n","protected":false},"excerpt":{"rendered":"<p>Formaciones del Observatorio de las MasculinidadesCompagina el aprendizaje con tu d\u00eda a d\u00eda con clases de 7 minutos.T\u00fa te marcas los ritmosAprende donde y cuando quieras.Desde el m\u00f3vil, la tablet o el ordenadorUna vez superado el curso recibe un certificado de formaci\u00f3n permanente de la UMH de 1,5 ECTS (equivalente a 37,5 horas)En este espacio [&hellip;]<\/p>\n","protected":false},"author":3782,"featured_media":0,"parent":0,"menu_order":0,"comment_status":"closed","ping_status":"closed","template":"","meta":{"_et_pb_use_builder":"on","_et_pb_old_content":"","_et_gb_content_width":"","_links_to":"","_links_to_target":""},"_links":{"self":[{"href":"https:\/\/formacionmasculinidades.umh.es\/ca\/wp-json\/wp\/v2\/pages\/2158"}],"collection":[{"href":"https:\/\/formacionmasculinidades.umh.es\/ca\/wp-json\/wp\/v2\/pages"}],"about":[{"href":"https:\/\/formacionmasculinidades.umh.es\/ca\/wp-json\/wp\/v2\/types\/page"}],"author":[{"embeddable":true,"href":"https:\/\/formacionmasculinidades.umh.es\/ca\/wp-json\/wp\/v2\/users\/3782"}],"replies":[{"embeddable":true,"href":"https:\/\/formacionmasculinidades.umh.es\/ca\/wp-json\/wp\/v2\/comments?post=2158"}],"version-history":[{"count":0,"href":"https:\/\/formacionmasculinidades.umh.es\/ca\/wp-json\/wp\/v2\/pages\/2158\/revisions"}],"wp:attachment":[{"href":"https:\/\/formacionmasculinidades.umh.es\/ca\/wp-json\/wp\/v2\/media?parent=2158"}],"curies":[{"name":"wp","href":"https:\/\/api.w.org\/{rel}","templated":true}]}}