{"id":2337,"date":"2024-05-13T17:59:57","date_gmt":"2024-05-13T15:59:57","guid":{"rendered":"https:\/\/formacionmasculinidades.umh.es\/?page_id=2337"},"modified":"2024-06-10T17:13:44","modified_gmt":"2024-06-10T15:13:44","slug":"oferta-formativa","status":"publish","type":"page","link":"https:\/\/formacionmasculinidades.umh.es\/ca\/oferta-formativa\/","title":{"rendered":"Borrador autom\u00e1tico"},"content":{"rendered":"<p>[et_pb_section fb_built=&#8221;1&#8243; _builder_version=&#8221;4.17.4&#8243; _module_preset=&#8221;default&#8221; background_enable_color=&#8221;off&#8221; background_image=&#8221;https:\/\/formacionmasculinidades.umh.es\/files\/2024\/06\/banner-masculinidades-1.png&#8221; width=&#8221;100%&#8221; module_alignment=&#8221;center&#8221; height=&#8221;270px&#8221; height_tablet=&#8221;270px&#8221; height_phone=&#8221;270px&#8221; height_last_edited=&#8221;on|phone&#8221; collapsed=&#8221;off&#8221; global_colors_info=&#8221;{}&#8221; theme_builder_area=&#8221;post_content&#8221;][\/et_pb_section][et_pb_section fb_built=&#8221;1&#8243; _builder_version=&#8221;4.17.4&#8243; _module_preset=&#8221;default&#8221; background_color=&#8221;#FFFFFF&#8221; background_enable_image=&#8221;off&#8221; background_blend=&#8221;overlay&#8221; min_height=&#8221;564px&#8221; custom_margin=&#8221;-17px|||||&#8221; custom_padding=&#8221;21px|||||&#8221; global_colors_info=&#8221;{}&#8221;][et_pb_row _builder_version=&#8221;4.17.4&#8243; _module_preset=&#8221;default&#8221; global_colors_info=&#8221;{}&#8221;][et_pb_column type=&#8221;4_4&#8243; _builder_version=&#8221;4.17.4&#8243; _module_preset=&#8221;default&#8221; global_colors_info=&#8221;{}&#8221;][et_pb_text _builder_version=&#8221;4.17.4&#8243; _module_preset=&#8221;default&#8221; text_font=&#8221;Heebo|500|||||||&#8221; header_font=&#8221;Overpass||||||||&#8221; header_2_font=&#8221;Heebo|600|||||||&#8221; text_orientation=&#8221;right&#8221; width=&#8221;100%&#8221; max_width_tablet=&#8221;95%&#8221; max_width_phone=&#8221;95%&#8221; max_width_last_edited=&#8221;on|tablet&#8221; module_alignment=&#8221;right&#8221; custom_margin=&#8221;0px||||false|false&#8221; custom_padding=&#8221;||0px|||&#8221; inline_fonts=&#8221;Heebo&#8221; global_colors_info=&#8221;{}&#8221;]<\/p>\n<h1 style=\"text-align: center\">Oferta formativa del Observatorio de las Masculinidades<\/h1>\n<p>[\/et_pb_text][et_pb_divider color=&#8221;#8300E9&#8243; _builder_version=&#8221;4.17.4&#8243; _module_preset=&#8221;default&#8221; global_colors_info=&#8221;{}&#8221;][\/et_pb_divider][et_pb_text _builder_version=&#8221;4.17.4&#8243; _module_preset=&#8221;default&#8221; global_colors_info=&#8221;{}&#8221;]<\/p>\n<p style=\"text-align: justify\">En la actualidad, el <a href=\"https:\/\/observatoriomasculinidad.umh.es\/\" target=\"_blank\" rel=\"noopener\">Observatorio de las Masculinidades<\/a> del grupo de investigaci\u00f3n ECULGE de la Universidad Miguel Hern\u00e1ndez de Elche ofrece dos cursos, 100% online de 1,5 ECTS (equivalente a 37,5 horas de formaci\u00f3n),\u00a0que se incluyen dentro de la <a href=\"https:\/\/www.umh.es\/contenido\/Estudios\/:Titulaciones_Propias\/datos_es.html?exhibit&amp;filter=~%242023%20-%202024%7Ccaca%7C~%24Certificado%20De%20Formaci%C3%B3n%20Permanente%7Ctipo_fpo\" target=\"_blank\" rel=\"noopener\">oferta de Ense\u00f1anzas de Formaci\u00f3n Permanente de la UMH<\/a>, reglados bajo la tipolog\u00eda <strong>&#8220;Certificado de formaci\u00f3n permanente por la Universidad Miguel Hern\u00e1ndez de Elche&#8221;.<\/strong><\/p>\n<p>[\/et_pb_text][\/et_pb_column][\/et_pb_row][et_pb_row column_structure=&#8221;1_2,1_2&#8243; _builder_version=&#8221;4.17.4&#8243; _module_preset=&#8221;default&#8221; global_colors_info=&#8221;{}&#8221;][et_pb_column type=&#8221;1_2&#8243; _builder_version=&#8221;4.17.4&#8243; _module_preset=&#8221;default&#8221; global_colors_info=&#8221;{}&#8221;][et_pb_image src=&#8221;https:\/\/formacionmasculinidades.umh.es\/files\/2024\/06\/corresponsabilidad.png&#8221; title_text=&#8221;corresponsabilidad&#8221; url=&#8221;https:\/\/formacionmasculinidades.umh.es\/oferta-formativa\/hombres-corresponsabilidad\/&#8221; admin_label=&#8221;corresponsabilidad&#8221; _builder_version=&#8221;4.17.4&#8243; _module_preset=&#8221;default&#8221; global_colors_info=&#8221;{}&#8221;][\/et_pb_image][\/et_pb_column][et_pb_column type=&#8221;1_2&#8243; _builder_version=&#8221;4.17.4&#8243; _module_preset=&#8221;default&#8221; global_colors_info=&#8221;{}&#8221;][et_pb_image src=&#8221;https:\/\/formacionmasculinidades.umh.es\/files\/2024\/06\/hombres-violencias.png&#8221; title_text=&#8221;hombres violencias&#8221; url=&#8221;https:\/\/formacionmasculinidades.umh.es\/oferta-formativa\/hombres-violencia-genero\/&#8221; admin_label=&#8221;violencias&#8221; _builder_version=&#8221;4.17.4&#8243; _module_preset=&#8221;default&#8221; global_colors_info=&#8221;{}&#8221;][\/et_pb_image][\/et_pb_column][\/et_pb_row][\/et_pb_section]<\/p>\n","protected":false},"excerpt":{"rendered":"<p>Oferta formativa del Observatorio de las Masculinidades En la actualidad, el Observatorio de las Masculinidades del grupo de investigaci\u00f3n ECULGE de la Universidad Miguel Hern\u00e1ndez de Elche ofrece dos cursos, 100% online de 1,5 ECTS (equivalente a 37,5 horas de formaci\u00f3n),\u00a0que se incluyen dentro de la oferta de Ense\u00f1anzas de Formaci\u00f3n Permanente de la UMH, [&hellip;]<\/p>\n","protected":false},"author":25245,"featured_media":0,"parent":0,"menu_order":0,"comment_status":"closed","ping_status":"closed","template":"","meta":{"_et_pb_use_builder":"on","_et_pb_old_content":"","_et_gb_content_width":"","_links_to":"","_links_to_target":""},"_links":{"self":[{"href":"https:\/\/formacionmasculinidades.umh.es\/ca\/wp-json\/wp\/v2\/pages\/2337"}],"collection":[{"href":"https:\/\/formacionmasculinidades.umh.es\/ca\/wp-json\/wp\/v2\/pages"}],"about":[{"href":"https:\/\/formacionmasculinidades.umh.es\/ca\/wp-json\/wp\/v2\/types\/page"}],"author":[{"embeddable":true,"href":"https:\/\/formacionmasculinidades.umh.es\/ca\/wp-json\/wp\/v2\/users\/25245"}],"replies":[{"embeddable":true,"href":"https:\/\/formacionmasculinidades.umh.es\/ca\/wp-json\/wp\/v2\/comments?post=2337"}],"version-history":[{"count":0,"href":"https:\/\/formacionmasculinidades.umh.es\/ca\/wp-json\/wp\/v2\/pages\/2337\/revisions"}],"wp:attachment":[{"href":"https:\/\/formacionmasculinidades.umh.es\/ca\/wp-json\/wp\/v2\/media?parent=2337"}],"curies":[{"name":"wp","href":"https:\/\/api.w.org\/{rel}","templated":true}]}}