{"id":2539,"date":"2024-05-16T12:35:04","date_gmt":"2024-05-16T10:35:04","guid":{"rendered":"https:\/\/formacionmasculinidades.umh.es\/?page_id=2539"},"modified":"2024-06-10T17:17:53","modified_gmt":"2024-06-10T15:17:53","slug":"metodologia-hombres-violencias","status":"publish","type":"page","link":"https:\/\/formacionmasculinidades.umh.es\/ca\/oferta-formativa\/hombres-violencia-genero\/metodologia-hombres-violencias\/","title":{"rendered":"Borrador autom\u00e1tico"},"content":{"rendered":"<p>[et_pb_section fb_built=&#8221;1&#8243; _builder_version=&#8221;4.17.4&#8243; _module_preset=&#8221;default&#8221; background_enable_color=&#8221;off&#8221; background_image=&#8221;https:\/\/formacionmasculinidades.umh.es\/files\/2024\/06\/banner-masculinidades-1.png&#8221; width=&#8221;100%&#8221; module_alignment=&#8221;center&#8221; height=&#8221;270px&#8221; height_tablet=&#8221;270px&#8221; height_phone=&#8221;270px&#8221; height_last_edited=&#8221;on|phone&#8221; collapsed=&#8221;off&#8221; global_colors_info=&#8221;{}&#8221; theme_builder_area=&#8221;post_content&#8221;][\/et_pb_section][et_pb_section fb_built=&#8221;1&#8243; _builder_version=&#8221;4.17.4&#8243; _module_preset=&#8221;default&#8221; global_colors_info=&#8221;{}&#8221;][et_pb_row _builder_version=&#8221;4.17.4&#8243; _module_preset=&#8221;default&#8221; global_colors_info=&#8221;{}&#8221;][et_pb_column type=&#8221;4_4&#8243; _builder_version=&#8221;4.17.4&#8243; _module_preset=&#8221;default&#8221; global_colors_info=&#8221;{}&#8221;][et_pb_menu menu_id=&#8221;1480880&#8243; menu_style=&#8221;centered&#8221; active_link_color=&#8221;#8300E9&#8243; _builder_version=&#8221;4.17.4&#8243; _module_preset=&#8221;default&#8221; menu_font=&#8221;|700|||||||&#8221; menu_text_color=&#8221;#8300E9&#8243; menu_font_size=&#8221;19px&#8221; border_width_all=&#8221;3px&#8221; border_color_all=&#8221;#8300E9&#8243; global_colors_info=&#8221;{}&#8221;][\/et_pb_menu][\/et_pb_column][\/et_pb_row][\/et_pb_section][et_pb_section fb_built=&#8221;1&#8243; _builder_version=&#8221;4.17.4&#8243; _module_preset=&#8221;default&#8221; global_colors_info=&#8221;{}&#8221;][et_pb_row _builder_version=&#8221;4.17.4&#8243; _module_preset=&#8221;default&#8221; global_colors_info=&#8221;{}&#8221;][et_pb_column type=&#8221;4_4&#8243; _builder_version=&#8221;4.17.4&#8243; _module_preset=&#8221;default&#8221; global_colors_info=&#8221;{}&#8221;][et_pb_text admin_label=&#8221;metodologia&#8221; _builder_version=&#8221;4.17.4&#8243; _module_preset=&#8221;default&#8221; global_colors_info=&#8221;{}&#8221;]<\/p>\n<h2 style=\"text-align: center\"><strong>Metodolog\u00eda<\/strong><\/h2>\n<p>[\/et_pb_text][et_pb_divider color=&#8221;#8300E9&#8243; _builder_version=&#8221;4.17.4&#8243; _module_preset=&#8221;default&#8221; global_colors_info=&#8221;{}&#8221;][\/et_pb_divider][et_pb_text admin_label=&#8221;detalles &#8221; _builder_version=&#8221;4.17.4&#8243; _module_preset=&#8221;default&#8221; global_colors_info=&#8221;{}&#8221;]<\/p>\n<p style=\"text-align: justify\">Este <strong>\u201cHOMBRES IGUALITARIOS: PREVENIR LAS VIOLENCIAS DE G\u00c9NERO\u201d<\/strong> se impartir\u00e1 a trav\u00e9s de la PLATAFORMA EDUCATIVA DEL CAMPUS DE LA UNIVERSIDAD MIGUEL HERN\u00c1NDEZ DE ELCHE (Moodle), por medio de clases grabadas por el profesorado y con power points y materiales accesibles en abierto a trav\u00e9s de internet.<\/p>\n<p style=\"text-align: justify\">Esta formaci\u00f3n se estructura en 8 temas. Los temas del 1 al 7 se dividen cada uno en 15 clases cortas de 7 minutos cada una aproximadamente, que se complementan con las lecturas y\/o visionados de audiovisuales, materiales aportados por el profesorado. El tema 8, consta de 20 clases cortas de 7 minutos cada una aproximadamente, que se complementan con las lecturas y\/o visionados de audiovisuales, materiales aportados por el profesorado.<\/p>\n<p style=\"text-align: justify\">Estos recursos que ofreceremos no son obligatorios para poder aprobar esta formaci\u00f3n, pues es material complementario de formaci\u00f3n para el alumnado que desee profundizar en los temas de las diversas clases. Para aprobar este curso, insistimos, bastar\u00e1 con el visionado de las clases que imparte el profesorado y el power points que presenta en su clase cada docente.<\/p>\n<p style=\"text-align: justify\">Aunque los 8 temas estar\u00e1n abiertos desde el primer d\u00eda a disposici\u00f3n del alumnado, recomendamos cursarlos de forma ordenada y secuencial, para un mejor aprendizaje de los contenidos.<\/p>\n<p>[\/et_pb_text][et_pb_divider show_divider=&#8221;off&#8221; _builder_version=&#8221;4.17.4&#8243; _module_preset=&#8221;default&#8221; global_colors_info=&#8221;{}&#8221;][\/et_pb_divider][et_pb_text admin_label=&#8221;alumnado destinatario&#8221; _builder_version=&#8221;4.17.4&#8243; _module_preset=&#8221;default&#8221; global_colors_info=&#8221;{}&#8221;]<\/p>\n<h2 style=\"text-align: center\"><strong>Alumnado destinatario<\/strong><\/h2>\n<p>[\/et_pb_text][et_pb_divider color=&#8221;#8300E9&#8243; _builder_version=&#8221;4.17.4&#8243; _module_preset=&#8221;default&#8221; global_colors_info=&#8221;{}&#8221;][\/et_pb_divider][et_pb_text admin_label=&#8221;detalles&#8221; _builder_version=&#8221;4.17.4&#8243; _module_preset=&#8221;default&#8221; global_colors_info=&#8221;{}&#8221;]<\/p>\n<p style=\"text-align: justify\">Esta formaci\u00f3n la pueden cursar tanto mujeres como hombres, aunque va dirigida principalmente a hombres de todas las edades y todas las profesiones, sin importar su nivel de formaci\u00f3n. Esta formaci\u00f3n va dirigida a p\u00fablico en general.<\/p>\n<p>[\/et_pb_text][et_pb_divider show_divider=&#8221;off&#8221; _builder_version=&#8221;4.17.4&#8243; _module_preset=&#8221;default&#8221; global_colors_info=&#8221;{}&#8221;][\/et_pb_divider][et_pb_text admin_label=&#8221;evaluaci\u00f3n&#8221; _builder_version=&#8221;4.17.4&#8243; _module_preset=&#8221;default&#8221; global_colors_info=&#8221;{}&#8221;]<\/p>\n<h2 style=\"text-align: center\"><strong>Sistema de evaluaci\u00f3n<\/strong><\/h2>\n<p>[\/et_pb_text][et_pb_divider color=&#8221;#8300E9&#8243; _builder_version=&#8221;4.17.4&#8243; _module_preset=&#8221;default&#8221; global_colors_info=&#8221;{}&#8221;][\/et_pb_divider][et_pb_text admin_label=&#8221;detalles&#8221; _builder_version=&#8221;4.17.4&#8243; _module_preset=&#8221;default&#8221; global_colors_info=&#8221;{}&#8221;]<\/p>\n<p style=\"text-align: justify\">El sistema de evaluaci\u00f3n se realizar\u00e1 100% online, a trav\u00e9s del campus virtual de la UMH. Despu\u00e9s de cada uno de los 8 temas el alumnado deber\u00e1 responder un examen tipo test de 10 preguntas con cuatro opciones posibles de respuesta, de las cuales s\u00f3lo una ser\u00e1 correcta. El alumnado podr\u00e1 hacer el examen tipo test de cada tema hasta en tres ocasiones, y se le computar\u00e1 la nota m\u00e1s alta obtenida de los tres intentos.<\/p>\n<p style=\"text-align: justify\">Para aprobar esta formaci\u00f3n el alumnado ha de aprobar el 50% del curso. Se har\u00e1 la media de la nota m\u00e1s alta obtenida en los ex\u00e1menes de los 8 temas y se aprobar\u00e1 con un 5 m\u00ednimo.<\/p>\n<p style=\"text-align: justify\">\n<p style=\"text-align: justify\">El estudiantado dispondr\u00e1 de una convocatoria \u00fanica para superar el curso. Las preguntas de evaluaci\u00f3n de cada clase se podr\u00e1n contestar con el visionado de cada clase grabada por el profesorado y su respectivo power point, no haciendo falta para aprobar, la lectura o visionado complementario de otros materiales, que ser\u00e1n optativos.<\/p>\n<p>[\/et_pb_text][\/et_pb_column][\/et_pb_row][\/et_pb_section]<\/p>\n","protected":false},"excerpt":{"rendered":"<p>Metodolog\u00edaEste \u201cHOMBRES IGUALITARIOS: PREVENIR LAS VIOLENCIAS DE G\u00c9NERO\u201d se impartir\u00e1 a trav\u00e9s de la PLATAFORMA EDUCATIVA DEL CAMPUS DE LA UNIVERSIDAD MIGUEL HERN\u00c1NDEZ DE ELCHE (Moodle), por medio de clases grabadas por el profesorado y con power points y materiales accesibles en abierto a trav\u00e9s de internet. Esta formaci\u00f3n se estructura en 8 temas. Los [&hellip;]<\/p>\n","protected":false},"author":25245,"featured_media":0,"parent":2521,"menu_order":0,"comment_status":"closed","ping_status":"closed","template":"","meta":{"_et_pb_use_builder":"on","_et_pb_old_content":"","_et_gb_content_width":"","_links_to":"","_links_to_target":""},"_links":{"self":[{"href":"https:\/\/formacionmasculinidades.umh.es\/ca\/wp-json\/wp\/v2\/pages\/2539"}],"collection":[{"href":"https:\/\/formacionmasculinidades.umh.es\/ca\/wp-json\/wp\/v2\/pages"}],"about":[{"href":"https:\/\/formacionmasculinidades.umh.es\/ca\/wp-json\/wp\/v2\/types\/page"}],"author":[{"embeddable":true,"href":"https:\/\/formacionmasculinidades.umh.es\/ca\/wp-json\/wp\/v2\/users\/25245"}],"replies":[{"embeddable":true,"href":"https:\/\/formacionmasculinidades.umh.es\/ca\/wp-json\/wp\/v2\/comments?post=2539"}],"version-history":[{"count":0,"href":"https:\/\/formacionmasculinidades.umh.es\/ca\/wp-json\/wp\/v2\/pages\/2539\/revisions"}],"up":[{"embeddable":true,"href":"https:\/\/formacionmasculinidades.umh.es\/ca\/wp-json\/wp\/v2\/pages\/2521"}],"wp:attachment":[{"href":"https:\/\/formacionmasculinidades.umh.es\/ca\/wp-json\/wp\/v2\/media?parent=2539"}],"curies":[{"name":"wp","href":"https:\/\/api.w.org\/{rel}","templated":true}]}}