{"id":2379,"date":"2024-05-13T18:44:39","date_gmt":"2024-05-13T16:44:39","guid":{"rendered":"https:\/\/formacionmasculinidades.umh.es\/?page_id=2379"},"modified":"2024-06-10T17:28:07","modified_gmt":"2024-06-10T15:28:07","slug":"presentacion-corresponsabilidad","status":"publish","type":"page","link":"https:\/\/formacionmasculinidades.umh.es\/en\/oferta-formativa\/hombres-corresponsabilidad\/presentacion-corresponsabilidad\/","title":{"rendered":"Borrador autom\u00e1tico"},"content":{"rendered":"<p>[et_pb_section fb_built=&#8221;1&#8243; _builder_version=&#8221;4.17.4&#8243; _module_preset=&#8221;default&#8221; background_enable_color=&#8221;off&#8221; background_image=&#8221;https:\/\/formacionmasculinidades.umh.es\/files\/2024\/06\/banner-masculinidades-1.png&#8221; width=&#8221;100%&#8221; module_alignment=&#8221;center&#8221; height=&#8221;270px&#8221; height_tablet=&#8221;270px&#8221; height_phone=&#8221;270px&#8221; height_last_edited=&#8221;on|phone&#8221; collapsed=&#8221;off&#8221; global_colors_info=&#8221;{}&#8221; theme_builder_area=&#8221;post_content&#8221;][\/et_pb_section][et_pb_section fb_built=&#8221;1&#8243; _builder_version=&#8221;4.17.4&#8243; _module_preset=&#8221;default&#8221; global_colors_info=&#8221;{}&#8221;][et_pb_row _builder_version=&#8221;4.17.4&#8243; _module_preset=&#8221;default&#8221; global_colors_info=&#8221;{}&#8221;][et_pb_column type=&#8221;4_4&#8243; _builder_version=&#8221;4.17.4&#8243; _module_preset=&#8221;default&#8221; global_colors_info=&#8221;{}&#8221;][et_pb_menu menu_id=&#8221;1463477&#8243; menu_style=&#8221;centered&#8221; active_link_color=&#8221;#538135&#8243; dropdown_menu_bg_color=&#8221;RGBA(255,255,255,0)&#8221; dropdown_menu_line_color=&#8221;#538135&#8243; dropdown_menu_text_color=&#8221;#538135&#8243; _builder_version=&#8221;4.17.4&#8243; _module_preset=&#8221;default&#8221; menu_font=&#8221;|700|||||||&#8221; menu_text_color=&#8221;#538135&#8243; menu_font_size=&#8221;20px&#8221; border_width_all=&#8221;3px&#8221; border_color_all=&#8221;#538135&#8243; global_colors_info=&#8221;{}&#8221;][\/et_pb_menu][\/et_pb_column][\/et_pb_row][\/et_pb_section][et_pb_section fb_built=&#8221;1&#8243; _builder_version=&#8221;4.17.4&#8243; _module_preset=&#8221;default&#8221; global_colors_info=&#8221;{}&#8221;][et_pb_row _builder_version=&#8221;4.17.4&#8243; _module_preset=&#8221;default&#8221; global_colors_info=&#8221;{}&#8221;][et_pb_column type=&#8221;4_4&#8243; _builder_version=&#8221;4.17.4&#8243; _module_preset=&#8221;default&#8221; global_colors_info=&#8221;{}&#8221;][et_pb_text admin_label=&#8221;Presentaci\u00f3n&#8221; _builder_version=&#8221;4.17.4&#8243; _module_preset=&#8221;default&#8221; global_colors_info=&#8221;{}&#8221;]<\/p>\n<h2 style=\"text-align: center\"><strong>Presentaci\u00f3n<\/strong><\/h2>\n<p>[\/et_pb_text][et_pb_divider color=&#8221;#538135&#8243; _builder_version=&#8221;4.17.4&#8243; _module_preset=&#8221;default&#8221; global_colors_info=&#8221;{}&#8221;][\/et_pb_divider][et_pb_text admin_label=&#8221;detalles informaci\u00f3n general&#8221; _builder_version=&#8221;4.17.4&#8243; _module_preset=&#8221;default&#8221; global_colors_info=&#8221;{}&#8221;]<\/p>\n<p style=\"text-align: justify\">Esta propuesta de formaci\u00f3n universitaria permanente titulada <em><strong>\u201cHOMBRES Y CORRESPONSABILIDAD\u201d <\/strong><\/em>en modalidad <em>online<\/em> surge desde el <strong>Observatorio de las Masculinidades<\/strong> de la UMH tras la demanda detectada de formaci\u00f3n especializada para hombres en masculinidades igualitarias, cuidados, conciliaci\u00f3n y corresponsabilidad, y tras la buena acogida de la I edici\u00f3n ya impartida de octubre a diciembre de 2023.<\/p>\n<p style=\"text-align: justify\">Este curso va destinado tanto a mujeres como <strong>especialmente a hombres<\/strong> y se centra en tem\u00e1ticas sobre igualdad, masculinidades, g\u00e9nero, cuidados y corresponsabilidad.<\/p>\n<p style=\"text-align: justify\">Sus integrantes pertenecen a diversas universidades tales como la Universidad Complutense de Madrid, la Universidad de Granada, la Universidad de Valencia, la Universidad Jaume I de Castell\u00f3n y la Universidad Miguel Hern\u00e1ndez de Elche. A su vez, entre el profesorado tenemos a personas expertas en la intervenci\u00f3n con hombres e igualdad de g\u00e9nero, pertenecientes a CEPAIM, EQUIMUNDO, Masculinidades Beta, AHIGE, etc. Todas las personas de este equipo docente pertenecen y\/o colaboran con el Observatorio de las Masculinidades (UMH) y la mayor\u00eda forma parte del profesorado de nuestro <em>T\u00edtulo de Especialista Universitario en Masculinidades G\u00e9nero e Igualdad<\/em> que desde la Universidad Miguel Hern\u00e1ndez de Elche venimos ofertando desde hace ya cuatro a\u00f1os con una excelente acogida. Tengamos presente que los estudios sobre masculinidades, desde hace ya varias d\u00e9cadas, vienen representado un \u00e1mbito de creciente inter\u00e9s social.<\/p>\n<p style=\"text-align: justify\">La Uni\u00f3n Europea en su Sesi\u00f3n n.\u00ba 2767 de Consejo, bajo la denominaci\u00f3n &#8220;Los hombres y la igualdad de g\u00e9nero&#8221; plantea entre otras cuestiones, lo siguiente:<\/p>\n<blockquote>\n<p style=\"text-align: justify\">\u00a0&#8220;Para mejorar la situaci\u00f3n de las mujeres y fomentar la igualdad de g\u00e9nero, debe prestarse mayor atenci\u00f3n al modo en que los hombres se involucran en la consecuci\u00f3n de la igualdad de g\u00e9nero y al impacto positivo que \u00e9sta tiene sobre los hombres y sobre el bienestar de la sociedad en su conjunto&#8221;.<\/p>\n<\/blockquote>\n<p style=\"text-align: justify\">Y es que las transformaciones de los roles de g\u00e9nero a partir de la incorporaci\u00f3n masiva de las mujeres al mercado laboral, as\u00ed como la asunci\u00f3n social del discurso igualitario, han generado transformaciones y desajustes en los papeles sexuales tradicionales, encontrando en la legislaci\u00f3n el fomento de las masculinidades para incidir en los cambios sociales que han venido sucediendo. Si bien las mujeres en las \u00faltimas d\u00e9cadas se han ido adentrado en el \u00e1mbito p\u00fablico (antes exclusivamente masculino), no ha ocurrido lo mismo en el sentido contrario, por lo que queda pendiente la incorporaci\u00f3n de los hombres al \u00e1mbito dom\u00e9stico en igualdad de condiciones (tiempos, tareas, responsabilidades, \u201ccarga mental\u201d, etc.). Es ah\u00ed donde las leyes de igualdad no pueden actuar, pero s\u00ed la formaci\u00f3n coeducativa; es en cada hogar, en cada familia, en el reparto de tiempos, roles y espacios de hombres y mujeres donde queda pendiente esencialmente lograr la equidad de g\u00e9nero. Hay que \u201cdemocratizar la vida dom\u00e9stica y los cuidados\u201d entre mujeres y hombres. Y esta incorporaci\u00f3n de los hombres al \u00e1mbito privado, familiar, dom\u00e9stico ha de posibilitar la conciliaci\u00f3n de forma corresponsable.\u00a0<\/p>\n<p style=\"text-align: justify\">As\u00ed, pues, los caminos hacia la igualdad real y efectiva, reclaman actual y necesariamente de la implicaci\u00f3n de los varones (principalmente en el \u00e1mbito de lo dom\u00e9stico, el mundo de los cuidados), de la superaci\u00f3n de un modelo de masculinidad tradicional obsoleta (no corresponsable) y la transici\u00f3n hacia otras formas posibles y m\u00e1s igualitarias de ser hombres (maridos, pareja, padres, hijos, abuelos, cuidadores\u2026) en nuestra sociedad.\u00a0<\/p>\n<p style=\"text-align: justify\">Es precisamente en este momento de cuestionamiento manifiesto de la masculinidad cuando se hace m\u00e1s necesario y urgente, sin duda, impulsar la oferta universitaria de formaci\u00f3n especializada en igualdad de g\u00e9nero y masculinidades centrada en los cuidados y la corresponsabilidad. Es desde la universidad, desde donde entendemos que, por su \u00e1mbito de trabajo y su capacidad de influencia en la sociedad, podemos y debemos tener un papel clave en la transformaci\u00f3n de las representaciones ide\u00e1ticas sobre los g\u00e9neros y sobre el modelo de identidad masculina hacia otras formas posibles de ser hombre, m\u00e1s acordes con los tiempos actuales, de ser hijos, pareja, padres, abuelos, cuidadores\u2026y corresponsables, acorde con los tiempos de lucha feminista.<\/p>\n<p>[\/et_pb_text][\/et_pb_column][\/et_pb_row][\/et_pb_section]<\/p>\n","protected":false},"excerpt":{"rendered":"<p>Presentaci\u00f3nEsta propuesta de formaci\u00f3n universitaria permanente titulada \u201cHOMBRES Y CORRESPONSABILIDAD\u201d en modalidad online surge desde el Observatorio de las Masculinidades de la UMH tras la demanda detectada de formaci\u00f3n especializada para hombres en masculinidades igualitarias, cuidados, conciliaci\u00f3n y corresponsabilidad, y tras la buena acogida de la I edici\u00f3n ya impartida de octubre a diciembre de [&hellip;]<\/p>\n","protected":false},"author":25245,"featured_media":0,"parent":2370,"menu_order":0,"comment_status":"closed","ping_status":"closed","template":"","meta":{"_et_pb_use_builder":"on","_et_pb_old_content":"","_et_gb_content_width":"","_links_to":"","_links_to_target":""},"_links":{"self":[{"href":"https:\/\/formacionmasculinidades.umh.es\/en\/wp-json\/wp\/v2\/pages\/2379"}],"collection":[{"href":"https:\/\/formacionmasculinidades.umh.es\/en\/wp-json\/wp\/v2\/pages"}],"about":[{"href":"https:\/\/formacionmasculinidades.umh.es\/en\/wp-json\/wp\/v2\/types\/page"}],"author":[{"embeddable":true,"href":"https:\/\/formacionmasculinidades.umh.es\/en\/wp-json\/wp\/v2\/users\/25245"}],"replies":[{"embeddable":true,"href":"https:\/\/formacionmasculinidades.umh.es\/en\/wp-json\/wp\/v2\/comments?post=2379"}],"version-history":[{"count":0,"href":"https:\/\/formacionmasculinidades.umh.es\/en\/wp-json\/wp\/v2\/pages\/2379\/revisions"}],"up":[{"embeddable":true,"href":"https:\/\/formacionmasculinidades.umh.es\/en\/wp-json\/wp\/v2\/pages\/2370"}],"wp:attachment":[{"href":"https:\/\/formacionmasculinidades.umh.es\/en\/wp-json\/wp\/v2\/media?parent=2379"}],"curies":[{"name":"wp","href":"https:\/\/api.w.org\/{rel}","templated":true}]}}