{"id":2545,"date":"2024-05-16T12:37:31","date_gmt":"2024-05-16T10:37:31","guid":{"rendered":"https:\/\/formacionmasculinidades.umh.es\/?page_id=2545"},"modified":"2024-06-10T17:18:22","modified_gmt":"2024-06-10T15:18:22","slug":"objetivos-hombres-violencias","status":"publish","type":"page","link":"https:\/\/formacionmasculinidades.umh.es\/en\/oferta-formativa\/hombres-violencia-genero\/objetivos-hombres-violencias\/","title":{"rendered":"Borrador autom\u00e1tico"},"content":{"rendered":"<p>[et_pb_section fb_built=&#8221;1&#8243; _builder_version=&#8221;4.17.4&#8243; _module_preset=&#8221;default&#8221; background_enable_color=&#8221;off&#8221; background_image=&#8221;https:\/\/formacionmasculinidades.umh.es\/files\/2024\/06\/banner-masculinidades-1.png&#8221; width=&#8221;100%&#8221; module_alignment=&#8221;center&#8221; height=&#8221;270px&#8221; height_tablet=&#8221;270px&#8221; height_phone=&#8221;270px&#8221; height_last_edited=&#8221;on|phone&#8221; collapsed=&#8221;off&#8221; global_colors_info=&#8221;{}&#8221; theme_builder_area=&#8221;post_content&#8221;][\/et_pb_section][et_pb_section fb_built=&#8221;1&#8243; _builder_version=&#8221;4.17.4&#8243; _module_preset=&#8221;default&#8221; global_colors_info=&#8221;{}&#8221;][et_pb_row _builder_version=&#8221;4.17.4&#8243; _module_preset=&#8221;default&#8221; global_colors_info=&#8221;{}&#8221;][et_pb_column type=&#8221;4_4&#8243; _builder_version=&#8221;4.17.4&#8243; _module_preset=&#8221;default&#8221; global_colors_info=&#8221;{}&#8221;][et_pb_menu menu_id=&#8221;1480880&#8243; menu_style=&#8221;centered&#8221; active_link_color=&#8221;#8300E9&#8243; _builder_version=&#8221;4.17.4&#8243; _module_preset=&#8221;default&#8221; menu_font=&#8221;|700|||||||&#8221; menu_text_color=&#8221;#8300E9&#8243; menu_font_size=&#8221;19px&#8221; border_width_all=&#8221;3px&#8221; border_color_all=&#8221;#8300E9&#8243; global_colors_info=&#8221;{}&#8221;][\/et_pb_menu][\/et_pb_column][\/et_pb_row][\/et_pb_section][et_pb_section fb_built=&#8221;1&#8243; _builder_version=&#8221;4.17.4&#8243; _module_preset=&#8221;default&#8221; global_colors_info=&#8221;{}&#8221;][et_pb_row _builder_version=&#8221;4.17.4&#8243; _module_preset=&#8221;default&#8221; global_colors_info=&#8221;{}&#8221;][et_pb_column type=&#8221;4_4&#8243; _builder_version=&#8221;4.17.4&#8243; _module_preset=&#8221;default&#8221; global_colors_info=&#8221;{}&#8221;][et_pb_text admin_label=&#8221;Objetivos&#8221; _builder_version=&#8221;4.17.4&#8243; _module_preset=&#8221;default&#8221; global_colors_info=&#8221;{}&#8221;]<\/p>\n<h2 style=\"text-align: center\"><strong>Objetivos<\/strong><\/h2>\n<p>[\/et_pb_text][et_pb_divider color=&#8221;#8300E9&#8243; _builder_version=&#8221;4.17.4&#8243; _module_preset=&#8221;default&#8221; global_colors_info=&#8221;{}&#8221;][\/et_pb_divider][et_pb_text admin_label=&#8221;detalles&#8221; _builder_version=&#8221;4.17.4&#8243; _module_preset=&#8221;default&#8221; global_colors_info=&#8221;{}&#8221;]<\/p>\n<ul>\n<li style=\"text-align: justify\">Comprender c\u00f3mo se construye la identidad masculina, c\u00f3mo se aprende a ser hombres y su relaci\u00f3n con la violencia.<\/li>\n<li style=\"text-align: justify\">Analizar y deconstruir la masculinidad tradicional y machista reflexionando sobre los mandatos de g\u00e9nero.<\/li>\n<li style=\"text-align: justify\">Conocer los conceptos b\u00e1sicos sobre igualdad, equidad de g\u00e9nero, masculinidad, violencia machista, violencia de g\u00e9nero, etc.<\/li>\n<li style=\"text-align: justify\">Conocer otras formas de ser hombres: nuevas masculinidades proigualitarias.<\/li>\n<li style=\"text-align: justify\">Entender y analizar c\u00f3mo los hombres sufren y ejercen la violencia.<\/li>\n<li style=\"text-align: justify\">Conocer la teor\u00eda de los Estudios de Masculinidad.<\/li>\n<li style=\"text-align: justify\">Formar a hombres y mujeres para la prevenci\u00f3n y atenci\u00f3n integral a las mujeres v\u00edctimas de violencia de g\u00e9nero y a sus hijos e hijas.<\/li>\n<li style=\"text-align: justify\">Conocer programas, medidas y normas que tengan por objeto la eliminaci\u00f3n de la violencia sobre las mujeres y la atenci\u00f3n a las v\u00edctimas de violencia de g\u00e9nero y machista.<\/li>\n<li style=\"text-align: justify\">Conocer el movimiento social de Hombres que trabajan por la igualdad.<\/li>\n<li style=\"text-align: justify\">Conocer los diferentes tipos de explotaci\u00f3n y violencia que sufren en todos los \u00e1mbitos las mujeres y las ni\u00f1as.<\/li>\n<li style=\"text-align: justify\">Analizar los mandatos de g\u00e9nero y los caminos para liberarse de ellos y para construir masculinidades m\u00e1s libres.<\/li>\n<li style=\"text-align: justify\">Proporcionar herramientas a los hombres para evitar la exposici\u00f3n al riesgo, y para cuidarse a s\u00ed mismos.<\/li>\n<li style=\"text-align: justify\">Aprender a cuidar sus relaciones con otros hombres.<\/li>\n<li style=\"text-align: justify\">Aprender a cuidar sus relaciones con las mujeres.<\/li>\n<li style=\"text-align: justify\">Proporcionar herramientas a los hombres para mejorar su vida sexual y para erradicar la dominaci\u00f3n y la violencia en sus relaciones con las mujeres<\/li>\n<li style=\"text-align: justify\">Conocer y tomar conciencia de la violencia de la industria de la explotaci\u00f3n sexual: pornograf\u00eda, prostituci\u00f3n forzosa y trata de ni\u00f1as y mujeres con fines de explotaci\u00f3n sexual.<\/li>\n<li style=\"text-align: justify\">Proporcionar herramientas para que los hombres aprendan a cuidar su salud mental y emocional, y para prevenir el suicidio.<\/li>\n<li style=\"text-align: justify\">Herramientas para luchar contra el machismo y las violencias machistas a trav\u00e9s de la coeducaci\u00f3n enfocada en ni\u00f1os y adolescentes, varones.<\/li>\n<li style=\"text-align: justify\">Conocer la legislaci\u00f3n sobre violencia machista y las formas de intervenci\u00f3n para prevenir y erradicar los femicidios, la explotaci\u00f3n y la violencia que sufren ni\u00f1as y mujeres.<\/li>\n<li style=\"text-align: justify\">Reflexionar sobre la relaci\u00f3n de los hombres con el feminismo: la \u201cAgenda Feminista para hombres\u201d.<\/li>\n<li style=\"text-align: justify\">Entender el papel de los medios de comunicaci\u00f3n y las industrias culturales en el cambio social que necesitamos para prevenir las violencias contra las mujeres y construir otros modelos de masculinidad.<\/li>\n<li style=\"text-align: justify\">Conocer el sistema de reeducaci\u00f3n de hombres condenados por ejercer violencia sobre la mujer, visibilizando su posible consistencia interna y sus debilidades.<\/li>\n<li style=\"text-align: justify\">Conocer el concepto psicosocial de psic\u00f3pata machista integrado y su vinculaci\u00f3n con la violencia vicaria y el maltrato psicol\u00f3gico.<\/li>\n<li style=\"text-align: justify\">Analizar cu\u00e1les podr\u00edan ser los indicadores relevantes de las violencias machistas presentes en la cultura contempor\u00e1nea (m\u00fasica, cine, moda, publicidad, etc.), su simbolismo y repercusi\u00f3n.<\/li>\n<li style=\"text-align: justify\">Presentar investigaciones cient\u00edficas, publicaciones, audiovisuales, materiales, intervenciones, programas, experiencias, gu\u00edas y actuaciones de buenas pr\u00e1cticas encaminadas a la eliminaci\u00f3n de toda situaci\u00f3n de violencia de g\u00e9nero y machista, directa o indirecta, sobre las mujeres.<\/li>\n<li style=\"text-align: justify\">Formar a la ciudadan\u00eda para prevenir y erradicar la violencia de g\u00e9nero en todas sus manifestaciones poniendo el foco y el trabajo en los hombres y la construcci\u00f3n cultural de la masculinidad.<\/li>\n<\/ul>\n<p>[\/et_pb_text][\/et_pb_column][\/et_pb_row][\/et_pb_section]<\/p>\n","protected":false},"excerpt":{"rendered":"<p>Objetivos Comprender c\u00f3mo se construye la identidad masculina, c\u00f3mo se aprende a ser hombres y su relaci\u00f3n con la violencia. Analizar y deconstruir la masculinidad tradicional y machista reflexionando sobre los mandatos de g\u00e9nero. Conocer los conceptos b\u00e1sicos sobre igualdad, equidad de g\u00e9nero, masculinidad, violencia machista, violencia de g\u00e9nero, etc. Conocer otras formas de ser [&hellip;]<\/p>\n","protected":false},"author":25245,"featured_media":0,"parent":2521,"menu_order":0,"comment_status":"closed","ping_status":"closed","template":"","meta":{"_et_pb_use_builder":"on","_et_pb_old_content":"","_et_gb_content_width":"","_links_to":"","_links_to_target":""},"_links":{"self":[{"href":"https:\/\/formacionmasculinidades.umh.es\/en\/wp-json\/wp\/v2\/pages\/2545"}],"collection":[{"href":"https:\/\/formacionmasculinidades.umh.es\/en\/wp-json\/wp\/v2\/pages"}],"about":[{"href":"https:\/\/formacionmasculinidades.umh.es\/en\/wp-json\/wp\/v2\/types\/page"}],"author":[{"embeddable":true,"href":"https:\/\/formacionmasculinidades.umh.es\/en\/wp-json\/wp\/v2\/users\/25245"}],"replies":[{"embeddable":true,"href":"https:\/\/formacionmasculinidades.umh.es\/en\/wp-json\/wp\/v2\/comments?post=2545"}],"version-history":[{"count":0,"href":"https:\/\/formacionmasculinidades.umh.es\/en\/wp-json\/wp\/v2\/pages\/2545\/revisions"}],"up":[{"embeddable":true,"href":"https:\/\/formacionmasculinidades.umh.es\/en\/wp-json\/wp\/v2\/pages\/2521"}],"wp:attachment":[{"href":"https:\/\/formacionmasculinidades.umh.es\/en\/wp-json\/wp\/v2\/media?parent=2545"}],"curies":[{"name":"wp","href":"https:\/\/api.w.org\/{rel}","templated":true}]}}